{"id":15,"date":"2025-05-17T15:34:07","date_gmt":"2025-05-17T13:34:07","guid":{"rendered":"http:\/\/fundacjakepler.pl\/?page_id=15"},"modified":"2025-05-17T16:05:45","modified_gmt":"2025-05-17T14:05:45","slug":"15-2","status":"publish","type":"page","link":"https:\/\/fundacjakepler.pl\/","title":{"rendered":"Dzia\u0142amy na rzecz ochrony \u015brodowiska naturalnego i ludzi, kt\u00f3rzy w nim \u017cyj\u0105."},"content":{"rendered":"\n<p><br>\ud83d\udccdLublin | od 2016 r.<br>Fundacja Kepler powsta\u0142a z potrzeby obrony przyrody i wsparcia mieszka\u0144c\u00f3w pokrzywdzonych przez szkodliwe inwestycje przemys\u0142owe. Od 2016 roku walczymy o lepsze jutro \u2014 dla ludzi, zwierz\u0105t i krajobrazu.<\/p>\n\n\n\n<p>\u27a1\ufe0f Chronimy ptaki i ich siedliska<br>\u27a1\ufe0f Bronimy lubelskich park\u00f3w narodowych, krajobrazowych i obszar\u00f3w chronionego krajobrazu<br>\u27a1\ufe0f Interweniujemy tam, gdzie natura i lokalne spo\u0142eczno\u015bci s\u0105 zagro\u017cone<br>\u27a1\ufe0f Edukujemy, nag\u0142a\u015bniamy, pomagamy prawnie<\/p>\n\n\n\n<p>Do\u0142\u0105cz do nas \u2014 bo natura nie ma g\u0142osu, ale ma nas. \ud83c\udf31<\/p>\n\n\n\n<p>Kontakt:<br>Fundacja Kepler<br>email: <a href=\"mailto:fundacjakepler@interia.pl\">fundacjakepler@interia.pl<\/a>, <a href=\"http:\/\/www.fundacjakepler.pl\">www.fundacjakepler.pl<\/a><br>KRS: 0000638423, NIP: 7123319323, REGON: 365457604<br>Organ sprawuj\u0105cy nadz\u00f3r: Minister Klimatu<\/p>\n\n\n\n<p><br><\/p>\n\n\n\n<p><\/p>\n","protected":false},"excerpt":{"rendered":"<p>\ud83d\udccdLublin | od 2016 r.Fundacja Kepler powsta\u0142a z potrzeby obrony przyrody i wsparcia mieszka\u0144c\u00f3w pokrzywdzonych przez szkodliwe inwestycje przemys\u0142owe. Od 2016 roku walczymy o lepsze jutro \u2014 dla ludzi, zwierz\u0105t i krajobrazu. \u27a1\ufe0f Chronimy ptaki i ich siedliska\u27a1\ufe0f Bronimy lubelskich park\u00f3w narodowych, krajobrazowych i obszar\u00f3w chronionego krajobrazu\u27a1\ufe0f Interweniujemy tam, gdzie natura i lokalne spo\u0142eczno\u015bci s\u0105 [&hellip;]<\/p>\n","protected":false},"author":1,"featured_media":17,"parent":0,"menu_order":0,"comment_status":"closed","ping_status":"closed","template":"","meta":{"footnotes":""},"class_list":["post-15","page","type-page","status-publish","has-post-thumbnail","hentry"],"yoast_head":"<!-- This site is optimized with the Yoast SEO plugin v25.1 - https:\/\/yoast.com\/wordpress\/plugins\/seo\/ -->\n<title>Dzia\u0142amy na rzecz ochrony \u015brodowiska naturalnego i ludzi, kt\u00f3rzy w nim \u017cyj\u0105. - wordpressplus<\/title>\n<meta name=\"robots\" content=\"index, follow, max-snippet:-1, max-image-preview:large, max-video-preview:-1\" \/>\n<link rel=\"canonical\" href=\"https:\/\/fundacjakepler.pl\/\" \/>\n<meta property=\"og:locale\" content=\"pl_PL\" \/>\n<meta property=\"og:type\" content=\"article\" \/>\n<meta property=\"og:title\" content=\"Dzia\u0142amy na rzecz ochrony \u015brodowiska naturalnego i ludzi, kt\u00f3rzy w nim \u017cyj\u0105. - wordpressplus\" \/>\n<meta property=\"og:description\" content=\"\ud83d\udccdLublin | od 2016 r.Fundacja Kepler powsta\u0142a z potrzeby obrony przyrody i wsparcia mieszka\u0144c\u00f3w pokrzywdzonych przez szkodliwe inwestycje przemys\u0142owe. Od 2016 roku walczymy o lepsze jutro \u2014 dla ludzi, zwierz\u0105t i krajobrazu. \u27a1\ufe0f Chronimy ptaki i ich siedliska\u27a1\ufe0f Bronimy lubelskich park\u00f3w narodowych, krajobrazowych i obszar\u00f3w chronionego krajobrazu\u27a1\ufe0f Interweniujemy tam, gdzie natura i lokalne spo\u0142eczno\u015bci s\u0105 [&hellip;]\" \/>\n<meta property=\"og:url\" content=\"https:\/\/fundacjakepler.pl\/\" \/>\n<meta property=\"og:site_name\" content=\"wordpressplus\" \/>\n<meta property=\"article:modified_time\" content=\"2025-05-17T14:05:45+00:00\" \/>\n<meta property=\"og:image\" content=\"https:\/\/fundacjakepler.pl\/wp-content\/uploads\/2025\/05\/Logo-2-e1747489202222.png\" \/>\n\t<meta property=\"og:image:width\" content=\"1024\" \/>\n\t<meta property=\"og:image:height\" content=\"448\" \/>\n\t<meta property=\"og:image:type\" content=\"image\/png\" \/>\n<meta name=\"twitter:card\" content=\"summary_large_image\" \/>\n<script type=\"application\/ld+json\" class=\"yoast-schema-graph\">{\"@context\":\"https:\/\/schema.org\",\"@graph\":[{\"@type\":\"WebPage\",\"@id\":\"https:\/\/fundacjakepler.pl\/\",\"url\":\"https:\/\/fundacjakepler.pl\/\",\"name\":\"Dzia\u0142amy na rzecz ochrony \u015brodowiska naturalnego i ludzi, kt\u00f3rzy w nim \u017cyj\u0105. - wordpressplus\",\"isPartOf\":{\"@id\":\"https:\/\/fundacjakepler.pl\/#website\"},\"primaryImageOfPage\":{\"@id\":\"https:\/\/fundacjakepler.pl\/#primaryimage\"},\"image\":{\"@id\":\"https:\/\/fundacjakepler.pl\/#primaryimage\"},\"thumbnailUrl\":\"https:\/\/fundacjakepler.pl\/wp-content\/uploads\/2025\/05\/Logo-2-e1747489202222.png\",\"datePublished\":\"2025-05-17T13:34:07+00:00\",\"dateModified\":\"2025-05-17T14:05:45+00:00\",\"breadcrumb\":{\"@id\":\"https:\/\/fundacjakepler.pl\/#breadcrumb\"},\"inLanguage\":\"pl-PL\",\"potentialAction\":[{\"@type\":\"ReadAction\",\"target\":[\"https:\/\/fundacjakepler.pl\/\"]}]},{\"@type\":\"ImageObject\",\"inLanguage\":\"pl-PL\",\"@id\":\"https:\/\/fundacjakepler.pl\/#primaryimage\",\"url\":\"https:\/\/fundacjakepler.pl\/wp-content\/uploads\/2025\/05\/Logo-2-e1747489202222.png\",\"contentUrl\":\"https:\/\/fundacjakepler.pl\/wp-content\/uploads\/2025\/05\/Logo-2-e1747489202222.png\",\"width\":1024,\"height\":448},{\"@type\":\"BreadcrumbList\",\"@id\":\"https:\/\/fundacjakepler.pl\/#breadcrumb\",\"itemListElement\":[{\"@type\":\"ListItem\",\"position\":1,\"name\":\"Strona g\u0142\u00f3wna\",\"item\":\"https:\/\/fundacjakepler.pl\/\"},{\"@type\":\"ListItem\",\"position\":2,\"name\":\"Dzia\u0142amy na rzecz ochrony \u015brodowiska naturalnego i ludzi, kt\u00f3rzy w nim \u017cyj\u0105.\"}]},{\"@type\":\"WebSite\",\"@id\":\"https:\/\/fundacjakepler.pl\/#website\",\"url\":\"https:\/\/fundacjakepler.pl\/\",\"name\":\"Fundacja Kepler\",\"description\":\"\",\"publisher\":{\"@id\":\"https:\/\/fundacjakepler.pl\/#organization\"},\"potentialAction\":[{\"@type\":\"SearchAction\",\"target\":{\"@type\":\"EntryPoint\",\"urlTemplate\":\"https:\/\/fundacjakepler.pl\/?s={search_term_string}\"},\"query-input\":{\"@type\":\"PropertyValueSpecification\",\"valueRequired\":true,\"valueName\":\"search_term_string\"}}],\"inLanguage\":\"pl-PL\"},{\"@type\":\"Organization\",\"@id\":\"https:\/\/fundacjakepler.pl\/#organization\",\"name\":\"Fundacja Kepler\",\"url\":\"https:\/\/fundacjakepler.pl\/\",\"logo\":{\"@type\":\"ImageObject\",\"inLanguage\":\"pl-PL\",\"@id\":\"https:\/\/fundacjakepler.pl\/#\/schema\/logo\/image\/\",\"url\":\"https:\/\/fundacjakepler.pl\/wp-content\/uploads\/2025\/05\/Logo-1.png\",\"contentUrl\":\"https:\/\/fundacjakepler.pl\/wp-content\/uploads\/2025\/05\/Logo-1.png\",\"width\":1024,\"height\":1024,\"caption\":\"Fundacja Kepler\"},\"image\":{\"@id\":\"https:\/\/fundacjakepler.pl\/#\/schema\/logo\/image\/\"}}]}<\/script>\n<!-- \/ Yoast SEO plugin. -->","yoast_head_json":{"title":"Dzia\u0142amy na rzecz ochrony \u015brodowiska naturalnego i ludzi, kt\u00f3rzy w nim \u017cyj\u0105. - wordpressplus","robots":{"index":"index","follow":"follow","max-snippet":"max-snippet:-1","max-image-preview":"max-image-preview:large","max-video-preview":"max-video-preview:-1"},"canonical":"https:\/\/fundacjakepler.pl\/","og_locale":"pl_PL","og_type":"article","og_title":"Dzia\u0142amy na rzecz ochrony \u015brodowiska naturalnego i ludzi, kt\u00f3rzy w nim \u017cyj\u0105. - wordpressplus","og_description":"\ud83d\udccdLublin | od 2016 r.Fundacja Kepler powsta\u0142a z potrzeby obrony przyrody i wsparcia mieszka\u0144c\u00f3w pokrzywdzonych przez szkodliwe inwestycje przemys\u0142owe. Od 2016 roku walczymy o lepsze jutro \u2014 dla ludzi, zwierz\u0105t i krajobrazu. \u27a1\ufe0f Chronimy ptaki i ich siedliska\u27a1\ufe0f Bronimy lubelskich park\u00f3w narodowych, krajobrazowych i obszar\u00f3w chronionego krajobrazu\u27a1\ufe0f Interweniujemy tam, gdzie natura i lokalne spo\u0142eczno\u015bci s\u0105 [&hellip;]","og_url":"https:\/\/fundacjakepler.pl\/","og_site_name":"wordpressplus","article_modified_time":"2025-05-17T14:05:45+00:00","og_image":[{"width":1024,"height":448,"url":"https:\/\/fundacjakepler.pl\/wp-content\/uploads\/2025\/05\/Logo-2-e1747489202222.png","type":"image\/png"}],"twitter_card":"summary_large_image","schema":{"@context":"https:\/\/schema.org","@graph":[{"@type":"WebPage","@id":"https:\/\/fundacjakepler.pl\/","url":"https:\/\/fundacjakepler.pl\/","name":"Dzia\u0142amy na rzecz ochrony \u015brodowiska naturalnego i ludzi, kt\u00f3rzy w nim \u017cyj\u0105. - wordpressplus","isPartOf":{"@id":"https:\/\/fundacjakepler.pl\/#website"},"primaryImageOfPage":{"@id":"https:\/\/fundacjakepler.pl\/#primaryimage"},"image":{"@id":"https:\/\/fundacjakepler.pl\/#primaryimage"},"thumbnailUrl":"https:\/\/fundacjakepler.pl\/wp-content\/uploads\/2025\/05\/Logo-2-e1747489202222.png","datePublished":"2025-05-17T13:34:07+00:00","dateModified":"2025-05-17T14:05:45+00:00","breadcrumb":{"@id":"https:\/\/fundacjakepler.pl\/#breadcrumb"},"inLanguage":"pl-PL","potentialAction":[{"@type":"ReadAction","target":["https:\/\/fundacjakepler.pl\/"]}]},{"@type":"ImageObject","inLanguage":"pl-PL","@id":"https:\/\/fundacjakepler.pl\/#primaryimage","url":"https:\/\/fundacjakepler.pl\/wp-content\/uploads\/2025\/05\/Logo-2-e1747489202222.png","contentUrl":"https:\/\/fundacjakepler.pl\/wp-content\/uploads\/2025\/05\/Logo-2-e1747489202222.png","width":1024,"height":448},{"@type":"BreadcrumbList","@id":"https:\/\/fundacjakepler.pl\/#breadcrumb","itemListElement":[{"@type":"ListItem","position":1,"name":"Strona g\u0142\u00f3wna","item":"https:\/\/fundacjakepler.pl\/"},{"@type":"ListItem","position":2,"name":"Dzia\u0142amy na rzecz ochrony \u015brodowiska naturalnego i ludzi, kt\u00f3rzy w nim \u017cyj\u0105."}]},{"@type":"WebSite","@id":"https:\/\/fundacjakepler.pl\/#website","url":"https:\/\/fundacjakepler.pl\/","name":"Fundacja Kepler","description":"","publisher":{"@id":"https:\/\/fundacjakepler.pl\/#organization"},"potentialAction":[{"@type":"SearchAction","target":{"@type":"EntryPoint","urlTemplate":"https:\/\/fundacjakepler.pl\/?s={search_term_string}"},"query-input":{"@type":"PropertyValueSpecification","valueRequired":true,"valueName":"search_term_string"}}],"inLanguage":"pl-PL"},{"@type":"Organization","@id":"https:\/\/fundacjakepler.pl\/#organization","name":"Fundacja Kepler","url":"https:\/\/fundacjakepler.pl\/","logo":{"@type":"ImageObject","inLanguage":"pl-PL","@id":"https:\/\/fundacjakepler.pl\/#\/schema\/logo\/image\/","url":"https:\/\/fundacjakepler.pl\/wp-content\/uploads\/2025\/05\/Logo-1.png","contentUrl":"https:\/\/fundacjakepler.pl\/wp-content\/uploads\/2025\/05\/Logo-1.png","width":1024,"height":1024,"caption":"Fundacja Kepler"},"image":{"@id":"https:\/\/fundacjakepler.pl\/#\/schema\/logo\/image\/"}}]}},"_links":{"self":[{"href":"https:\/\/fundacjakepler.pl\/index.php?rest_route=\/wp\/v2\/pages\/15","targetHints":{"allow":["GET"]}}],"collection":[{"href":"https:\/\/fundacjakepler.pl\/index.php?rest_route=\/wp\/v2\/pages"}],"about":[{"href":"https:\/\/fundacjakepler.pl\/index.php?rest_route=\/wp\/v2\/types\/page"}],"author":[{"embeddable":true,"href":"https:\/\/fundacjakepler.pl\/index.php?rest_route=\/wp\/v2\/users\/1"}],"replies":[{"embeddable":true,"href":"https:\/\/fundacjakepler.pl\/index.php?rest_route=%2Fwp%2Fv2%2Fcomments&post=15"}],"version-history":[{"count":7,"href":"https:\/\/fundacjakepler.pl\/index.php?rest_route=\/wp\/v2\/pages\/15\/revisions"}],"predecessor-version":[{"id":26,"href":"https:\/\/fundacjakepler.pl\/index.php?rest_route=\/wp\/v2\/pages\/15\/revisions\/26"}],"wp:featuredmedia":[{"embeddable":true,"href":"https:\/\/fundacjakepler.pl\/index.php?rest_route=\/wp\/v2\/media\/17"}],"wp:attachment":[{"href":"https:\/\/fundacjakepler.pl\/index.php?rest_route=%2Fwp%2Fv2%2Fmedia&parent=15"}],"curies":[{"name":"wp","href":"https:\/\/api.w.org\/{rel}","templated":true}]}}